{"id":810,"date":"2023-05-26T06:56:05","date_gmt":"2023-05-26T03:56:05","guid":{"rendered":"https:\/\/sunclimbing.wtp\/?page_id=810"},"modified":"2025-10-01T15:31:30","modified_gmt":"2025-10-01T12:31:30","slug":"tunc-findik","status":"publish","type":"page","link":"https:\/\/suntravelturkey.com\/tr\/about-us\/tunc-findik\/","title":{"rendered":"Tun\u00e7 Findik"},"content":{"rendered":"<div class=\"wp-block-columns is-layout-flex wp-container-core-columns-is-layout-059203fb wp-block-columns-is-layout-flex\" style=\"padding-top:var(--wp--preset--spacing--60);padding-right:var(--wp--preset--spacing--60);padding-bottom:var(--wp--preset--spacing--60);padding-left:var(--wp--preset--spacing--60)\">\n<div class=\"wp-block-column is-vertically-aligned-center is-layout-flow wp-block-column-is-layout-flow\" style=\"flex-basis:33.33%\">\n<figure class=\"wp-block-image size-large is-style-rounded\"><img loading=\"lazy\" decoding=\"async\" width=\"758\" height=\"1024\" src=\"https:\/\/suntravelturkey.com\/wp-content\/uploads\/2025\/10\/WhatsApp-Image-2025-10-01-at-14.11.42-edited-3-758x1024.jpeg\" alt=\"\" class=\"wp-image-4842\" style=\"aspect-ratio:1;object-fit:cover\" srcset=\"https:\/\/suntravelturkey.com\/wp-content\/uploads\/2025\/10\/WhatsApp-Image-2025-10-01-at-14.11.42-edited-3-758x1024.jpeg 758w, https:\/\/suntravelturkey.com\/wp-content\/uploads\/2025\/10\/WhatsApp-Image-2025-10-01-at-14.11.42-edited-3-222x300.jpeg 222w, https:\/\/suntravelturkey.com\/wp-content\/uploads\/2025\/10\/WhatsApp-Image-2025-10-01-at-14.11.42-edited-3-768x1037.jpeg 768w, https:\/\/suntravelturkey.com\/wp-content\/uploads\/2025\/10\/WhatsApp-Image-2025-10-01-at-14.11.42-edited-3-9x12.jpeg 9w, https:\/\/suntravelturkey.com\/wp-content\/uploads\/2025\/10\/WhatsApp-Image-2025-10-01-at-14.11.42-edited-3.jpeg 817w\" sizes=\"auto, (max-width: 758px) 100vw, 758px\" \/><\/figure>\n<\/div>\n\n\n\n<div class=\"wp-block-column is-vertically-aligned-center is-layout-flow wp-block-column-is-layout-flow\" style=\"flex-basis:66.66%\">\n<h1 class=\"wp-block-heading\">Tun\u00e7 Findik<\/h1>\n\n\n\n<p>Born in Ankara, Turkiye in 1972, Tun\u00e7 F\u0131nd\u0131k is a graduate of Ankara Bilkent University. Tun\u00e7 is a professional alpinist, state-certified mountain guide, climbing instructor, motivational speaker and writer.\u00a0<\/p>\n\n\n\n<p>Tun\u00e7 is a professional alpinist, rock and ice climber with more than&nbsp;850 new routes; first winter ascents and first ascents in Turkish mountains and abroad, with a total sum of more than&nbsp;1000 summits and an uncountable number of short traditional rock climbs and frozen icefalls to his credit. Tun\u00e7 is the brand ambassador for The North Face and is a member of Grivel climbing team. His 35 years of mountaineering experience took him all around the earth\u2019s major mountain ranges, which include countries such as Nepal, Tibet, Pakistan, Kazakhstan, Kirghizstan, Tajikistan, Russian Federation, France, Georgia, Switzerland, Italy,&nbsp;Bulgaria, England, Iran, Argentina, Tanzania and Kenya.<\/p>\n\n\n\n<p>Tun\u00e7 F\u0131nd\u0131k has completed the coveted project 14\u00d78000, which entails climbing all the summits above 8000 meter altitude on our planet.&nbsp;&nbsp;He is the 49<sup>th<\/sup>&nbsp;human being and first Turkish citizen to finish this ultimately dangerous and difficult project, with a total sum of 26 expeditions to 8000 meter peaks. He is the&nbsp;first and only Turkish person to summit Mount Everest three times, the highest peak of the world, from different routes as well.&nbsp;<\/p>\n\n\n\n<p>Tun\u00e7 has 10 books published, including \u2018Kackar-Vercenik climbing guidebook\u2019 \u2018Aladaglar climbing guidebook\u2019 \u201950 Chosen Routes in the Aladag range\u2019 \u2018Everest\u2019 \u201980 Days in Karakorum\u2019 \u2018Altitude 8000\u2019 \u2018K2-The Mountain of Mountains\u2019 \u2018Winter Climbing- Technics and Tactics\u2019 \u2019\u0130rtifa 8000 Y\u00fcksek Macera\u2019\u2019.<\/p>\n\n\n\n<div class=\"wp-block-buttons is-layout-flex wp-block-buttons-is-layout-flex\">\n<div class=\"wp-block-button\"><a class=\"wp-block-button__link wp-element-button\" href=\"https:\/\/suntravelturkey.com\/tr\/about-us\/\">Hakk\u0131m\u0131zda<\/a><\/div>\n<\/div>\n<\/div>\n<\/div>","protected":false},"excerpt":{"rendered":"<p>Tun\u00e7 Findik Born in Ankara, Turkiye in 1972, Tun\u00e7 F\u0131nd\u0131k is a graduate of Ankara Bilkent University. Tun\u00e7 is a professional alpinist, state-certified mountain guide, climbing instructor, motivational speaker and writer.\u00a0 Tun\u00e7 is a professional alpinist, rock and ice climber with more than&nbsp;850 new routes; first winter ascents and first ascents in Turkish mountains and [&hellip;]<\/p>\n","protected":false},"author":1,"featured_media":445,"parent":240,"menu_order":0,"comment_status":"closed","ping_status":"closed","template":"","meta":{"footnotes":""},"class_list":["post-810","page","type-page","status-publish","has-post-thumbnail","hentry"],"yoast_head":"<!-- This site is optimized with the Yoast SEO plugin v27.3 - https:\/\/yoast.com\/product\/yoast-seo-wordpress\/ -->\n<title>Tun\u00e7 Findik - Suntravel Turkey<\/title>\n<meta name=\"robots\" content=\"noindex, follow, max-snippet:-1, max-image-preview:large, max-video-preview:-1\" \/>\n<meta property=\"og:locale\" content=\"tr_TR\" \/>\n<meta property=\"og:type\" content=\"article\" \/>\n<meta property=\"og:title\" content=\"Tun\u00e7 Findik - Suntravel Turkey\" \/>\n<meta property=\"og:description\" content=\"Tun\u00e7 Findik Born in Ankara, Turkiye in 1972, Tun\u00e7 F\u0131nd\u0131k is a graduate of Ankara Bilkent University. Tun\u00e7 is a professional alpinist, state-certified mountain guide, climbing instructor, motivational speaker and writer.\u00a0 Tun\u00e7 is a professional alpinist, rock and ice climber with more than&nbsp;850 new routes; first winter ascents and first ascents in Turkish mountains and [&hellip;]\" \/>\n<meta property=\"og:url\" content=\"https:\/\/suntravelturkey.com\/tr\/about-us\/tunc-findik\/\" \/>\n<meta property=\"og:site_name\" content=\"Suntravel Turkey\" \/>\n<meta property=\"article:modified_time\" content=\"2025-10-01T12:31:30+00:00\" \/>\n<meta property=\"og:image\" content=\"https:\/\/suntravelturkey.com\/wp-content\/uploads\/2023\/05\/geyikbayiri-mountain-footer.jpg\" \/>\n\t<meta property=\"og:image:width\" content=\"2000\" \/>\n\t<meta property=\"og:image:height\" content=\"1333\" \/>\n\t<meta property=\"og:image:type\" content=\"image\/jpeg\" \/>\n<meta name=\"twitter:card\" content=\"summary_large_image\" \/>\n<meta name=\"twitter:label1\" content=\"Tahmini okuma s\u00fcresi\" \/>\n\t<meta name=\"twitter:data1\" content=\"2 dakika\" \/>\n<script type=\"application\/ld+json\" class=\"yoast-schema-graph\">{\"@context\":\"https:\\\/\\\/schema.org\",\"@graph\":[{\"@type\":\"WebPage\",\"@id\":\"https:\\\/\\\/suntravelturkey.com\\\/about-us\\\/tunc-findik\\\/\",\"url\":\"https:\\\/\\\/suntravelturkey.com\\\/about-us\\\/tunc-findik\\\/\",\"name\":\"Tun\u00e7 Findik - Suntravel Turkey\",\"isPartOf\":{\"@id\":\"https:\\\/\\\/suntravelturkey.com\\\/#website\"},\"primaryImageOfPage\":{\"@id\":\"https:\\\/\\\/suntravelturkey.com\\\/about-us\\\/tunc-findik\\\/#primaryimage\"},\"image\":{\"@id\":\"https:\\\/\\\/suntravelturkey.com\\\/about-us\\\/tunc-findik\\\/#primaryimage\"},\"thumbnailUrl\":\"https:\\\/\\\/suntravelturkey.com\\\/wp-content\\\/uploads\\\/2023\\\/05\\\/geyikbayiri-mountain-footer.jpg\",\"datePublished\":\"2023-05-26T03:56:05+00:00\",\"dateModified\":\"2025-10-01T12:31:30+00:00\",\"breadcrumb\":{\"@id\":\"https:\\\/\\\/suntravelturkey.com\\\/about-us\\\/tunc-findik\\\/#breadcrumb\"},\"inLanguage\":\"tr\",\"potentialAction\":[{\"@type\":\"ReadAction\",\"target\":[\"https:\\\/\\\/suntravelturkey.com\\\/about-us\\\/tunc-findik\\\/\"]}]},{\"@type\":\"ImageObject\",\"inLanguage\":\"tr\",\"@id\":\"https:\\\/\\\/suntravelturkey.com\\\/about-us\\\/tunc-findik\\\/#primaryimage\",\"url\":\"https:\\\/\\\/suntravelturkey.com\\\/wp-content\\\/uploads\\\/2023\\\/05\\\/geyikbayiri-mountain-footer.jpg\",\"contentUrl\":\"https:\\\/\\\/suntravelturkey.com\\\/wp-content\\\/uploads\\\/2023\\\/05\\\/geyikbayiri-mountain-footer.jpg\",\"width\":2000,\"height\":1333},{\"@type\":\"BreadcrumbList\",\"@id\":\"https:\\\/\\\/suntravelturkey.com\\\/about-us\\\/tunc-findik\\\/#breadcrumb\",\"itemListElement\":[{\"@type\":\"ListItem\",\"position\":1,\"name\":\"Home\",\"item\":\"https:\\\/\\\/suntravelturkey.com\\\/\"},{\"@type\":\"ListItem\",\"position\":2,\"name\":\"About us\",\"item\":\"https:\\\/\\\/suntravelturkey.com\\\/about-us\\\/\"},{\"@type\":\"ListItem\",\"position\":3,\"name\":\"Tun\u00e7 Findik\"}]},{\"@type\":\"WebSite\",\"@id\":\"https:\\\/\\\/suntravelturkey.com\\\/#website\",\"url\":\"https:\\\/\\\/suntravelturkey.com\\\/\",\"name\":\"Suntravel Turkey\",\"description\":\"\",\"publisher\":{\"@id\":\"https:\\\/\\\/suntravelturkey.com\\\/#organization\"},\"potentialAction\":[{\"@type\":\"SearchAction\",\"target\":{\"@type\":\"EntryPoint\",\"urlTemplate\":\"https:\\\/\\\/suntravelturkey.com\\\/?s={search_term_string}\"},\"query-input\":{\"@type\":\"PropertyValueSpecification\",\"valueRequired\":true,\"valueName\":\"search_term_string\"}}],\"inLanguage\":\"tr\"},{\"@type\":\"Organization\",\"@id\":\"https:\\\/\\\/suntravelturkey.com\\\/#organization\",\"name\":\"Suntravel Turkey\",\"url\":\"https:\\\/\\\/suntravelturkey.com\\\/\",\"logo\":{\"@type\":\"ImageObject\",\"inLanguage\":\"tr\",\"@id\":\"https:\\\/\\\/suntravelturkey.com\\\/#\\\/schema\\\/logo\\\/image\\\/\",\"url\":\"https:\\\/\\\/suntravelturkey.com\\\/wp-content\\\/uploads\\\/2025\\\/11\\\/SunTravel_Logo-scaled.png\",\"contentUrl\":\"https:\\\/\\\/suntravelturkey.com\\\/wp-content\\\/uploads\\\/2025\\\/11\\\/SunTravel_Logo-scaled.png\",\"width\":2560,\"height\":914,\"caption\":\"Suntravel Turkey\"},\"image\":{\"@id\":\"https:\\\/\\\/suntravelturkey.com\\\/#\\\/schema\\\/logo\\\/image\\\/\"}}]}<\/script>\n<!-- \/ Yoast SEO plugin. -->","yoast_head_json":{"title":"Tun\u00e7 Findik - Suntravel Turkey","robots":{"index":"noindex","follow":"follow","max-snippet":"max-snippet:-1","max-image-preview":"max-image-preview:large","max-video-preview":"max-video-preview:-1"},"og_locale":"tr_TR","og_type":"article","og_title":"Tun\u00e7 Findik - Suntravel Turkey","og_description":"Tun\u00e7 Findik Born in Ankara, Turkiye in 1972, Tun\u00e7 F\u0131nd\u0131k is a graduate of Ankara Bilkent University. Tun\u00e7 is a professional alpinist, state-certified mountain guide, climbing instructor, motivational speaker and writer.\u00a0 Tun\u00e7 is a professional alpinist, rock and ice climber with more than&nbsp;850 new routes; first winter ascents and first ascents in Turkish mountains and [&hellip;]","og_url":"https:\/\/suntravelturkey.com\/tr\/about-us\/tunc-findik\/","og_site_name":"Suntravel Turkey","article_modified_time":"2025-10-01T12:31:30+00:00","og_image":[{"width":2000,"height":1333,"url":"https:\/\/suntravelturkey.com\/wp-content\/uploads\/2023\/05\/geyikbayiri-mountain-footer.jpg","type":"image\/jpeg"}],"twitter_card":"summary_large_image","twitter_misc":{"Tahmini okuma s\u00fcresi":"2 dakika"},"schema":{"@context":"https:\/\/schema.org","@graph":[{"@type":"WebPage","@id":"https:\/\/suntravelturkey.com\/about-us\/tunc-findik\/","url":"https:\/\/suntravelturkey.com\/about-us\/tunc-findik\/","name":"Tun\u00e7 Findik - Suntravel Turkey","isPartOf":{"@id":"https:\/\/suntravelturkey.com\/#website"},"primaryImageOfPage":{"@id":"https:\/\/suntravelturkey.com\/about-us\/tunc-findik\/#primaryimage"},"image":{"@id":"https:\/\/suntravelturkey.com\/about-us\/tunc-findik\/#primaryimage"},"thumbnailUrl":"https:\/\/suntravelturkey.com\/wp-content\/uploads\/2023\/05\/geyikbayiri-mountain-footer.jpg","datePublished":"2023-05-26T03:56:05+00:00","dateModified":"2025-10-01T12:31:30+00:00","breadcrumb":{"@id":"https:\/\/suntravelturkey.com\/about-us\/tunc-findik\/#breadcrumb"},"inLanguage":"tr","potentialAction":[{"@type":"ReadAction","target":["https:\/\/suntravelturkey.com\/about-us\/tunc-findik\/"]}]},{"@type":"ImageObject","inLanguage":"tr","@id":"https:\/\/suntravelturkey.com\/about-us\/tunc-findik\/#primaryimage","url":"https:\/\/suntravelturkey.com\/wp-content\/uploads\/2023\/05\/geyikbayiri-mountain-footer.jpg","contentUrl":"https:\/\/suntravelturkey.com\/wp-content\/uploads\/2023\/05\/geyikbayiri-mountain-footer.jpg","width":2000,"height":1333},{"@type":"BreadcrumbList","@id":"https:\/\/suntravelturkey.com\/about-us\/tunc-findik\/#breadcrumb","itemListElement":[{"@type":"ListItem","position":1,"name":"Home","item":"https:\/\/suntravelturkey.com\/"},{"@type":"ListItem","position":2,"name":"About us","item":"https:\/\/suntravelturkey.com\/about-us\/"},{"@type":"ListItem","position":3,"name":"Tun\u00e7 Findik"}]},{"@type":"WebSite","@id":"https:\/\/suntravelturkey.com\/#website","url":"https:\/\/suntravelturkey.com\/","name":"Suntravel Turkey","description":"","publisher":{"@id":"https:\/\/suntravelturkey.com\/#organization"},"potentialAction":[{"@type":"SearchAction","target":{"@type":"EntryPoint","urlTemplate":"https:\/\/suntravelturkey.com\/?s={search_term_string}"},"query-input":{"@type":"PropertyValueSpecification","valueRequired":true,"valueName":"search_term_string"}}],"inLanguage":"tr"},{"@type":"Organization","@id":"https:\/\/suntravelturkey.com\/#organization","name":"Suntravel Turkey","url":"https:\/\/suntravelturkey.com\/","logo":{"@type":"ImageObject","inLanguage":"tr","@id":"https:\/\/suntravelturkey.com\/#\/schema\/logo\/image\/","url":"https:\/\/suntravelturkey.com\/wp-content\/uploads\/2025\/11\/SunTravel_Logo-scaled.png","contentUrl":"https:\/\/suntravelturkey.com\/wp-content\/uploads\/2025\/11\/SunTravel_Logo-scaled.png","width":2560,"height":914,"caption":"Suntravel Turkey"},"image":{"@id":"https:\/\/suntravelturkey.com\/#\/schema\/logo\/image\/"}}]}},"_links":{"self":[{"href":"https:\/\/suntravelturkey.com\/tr\/wp-json\/wp\/v2\/pages\/810","targetHints":{"allow":["GET"]}}],"collection":[{"href":"https:\/\/suntravelturkey.com\/tr\/wp-json\/wp\/v2\/pages"}],"about":[{"href":"https:\/\/suntravelturkey.com\/tr\/wp-json\/wp\/v2\/types\/page"}],"author":[{"embeddable":true,"href":"https:\/\/suntravelturkey.com\/tr\/wp-json\/wp\/v2\/users\/1"}],"replies":[{"embeddable":true,"href":"https:\/\/suntravelturkey.com\/tr\/wp-json\/wp\/v2\/comments?post=810"}],"version-history":[{"count":4,"href":"https:\/\/suntravelturkey.com\/tr\/wp-json\/wp\/v2\/pages\/810\/revisions"}],"predecessor-version":[{"id":4855,"href":"https:\/\/suntravelturkey.com\/tr\/wp-json\/wp\/v2\/pages\/810\/revisions\/4855"}],"up":[{"embeddable":true,"href":"https:\/\/suntravelturkey.com\/tr\/wp-json\/wp\/v2\/pages\/240"}],"wp:featuredmedia":[{"embeddable":true,"href":"https:\/\/suntravelturkey.com\/tr\/wp-json\/wp\/v2\/media\/445"}],"wp:attachment":[{"href":"https:\/\/suntravelturkey.com\/tr\/wp-json\/wp\/v2\/media?parent=810"}],"curies":[{"name":"wp","href":"https:\/\/api.w.org\/{rel}","templated":true}]}}